{"id":119,"date":"2021-07-27T22:49:53","date_gmt":"2021-07-28T01:49:53","guid":{"rendered":"https:\/\/grupoeducon.com\/pesquisa\/?page_id=119"},"modified":"2025-12-22T16:23:17","modified_gmt":"2025-12-22T19:23:17","slug":"parceiros","status":"publish","type":"page","link":"https:\/\/grupoeducon.com\/pesquisa\/index.php\/parceiros\/","title":{"rendered":"Parceiros"},"content":{"rendered":"\n<ul class=\"wp-block-list\">\n<li>ARDICO &#8211; Arte, Diversidade e Contemporaneidade (UFS)<\/li>\n\n\n\n<li>FOPTIC &#8211; Grupo de Estudos e Pesquisas em Forma\u00e7\u00e3o de Professores e Tecnologias da Informa\u00e7\u00e3o e Comunica\u00e7\u00e3o<\/li>\n\n\n\n<li>Grupo de Pesquisa em Direito P\u00fablico, Educa\u00e7\u00e3o Jur\u00eddica e Direitos Humanos &#8211; DPEJDH\/UNIT\/CNPq<\/li>\n\n\n\n<li>Grupo de Pesquisas RESSALT &#8211; Rela\u00e7\u00f5es de Saberes e Subjetividades: Alfabetiza\u00e7\u00e3o, Linguagens e Trabalho (CNPq\/UFS)<\/li>\n\n\n\n<li>IDAS &#8211; Instituto de Direito Administrativo de Sergipe<\/li>\n\n\n\n<li>N\u00facleo Colaborativo de Pr\u00e1tica e Pesquisa em Ensino de Matem\u00e1tica NCPPEM\/CNPq\/UFS)<\/li>\n\n\n\n<li>N\u00facleo de Comunica\u00e7\u00e3o e Tecnologia (NUCA\/UFS)<\/li>\n\n\n\n<li>N\u00facleo de Estudos de Cultura da UFS (NEC-UFS)<\/li>\n\n\n\n<li>NUPERE &#8211; UFPE<\/li>\n\n\n\n<li>N\u00daPITA &#8211; N\u00facleo de Estudos, Extens\u00e3o e Pesquisa em Inclus\u00e3o Educacional e Tecnologia Assistiva<\/li>\n\n\n\n<li>PAID\u00c9IA &#8211; FANEB<\/li>\n\n\n\n<li>R\u00e9seau RIRSA &#8211; Rede Internacional de Pesquisadores sobre o Rapport au Savoir<\/li>\n<\/ul>\n\n\n\n<p><\/p>\n","protected":false},"excerpt":{"rendered":"","protected":false},"author":1,"featured_media":0,"parent":0,"menu_order":0,"comment_status":"closed","ping_status":"closed","template":"","meta":{"footnotes":""},"class_list":["post-119","page","type-page","status-publish","hentry"],"_links":{"self":[{"href":"https:\/\/grupoeducon.com\/pesquisa\/index.php\/wp-json\/wp\/v2\/pages\/119","targetHints":{"allow":["GET"]}}],"collection":[{"href":"https:\/\/grupoeducon.com\/pesquisa\/index.php\/wp-json\/wp\/v2\/pages"}],"about":[{"href":"https:\/\/grupoeducon.com\/pesquisa\/index.php\/wp-json\/wp\/v2\/types\/page"}],"author":[{"embeddable":true,"href":"https:\/\/grupoeducon.com\/pesquisa\/index.php\/wp-json\/wp\/v2\/users\/1"}],"replies":[{"embeddable":true,"href":"https:\/\/grupoeducon.com\/pesquisa\/index.php\/wp-json\/wp\/v2\/comments?post=119"}],"version-history":[{"count":4,"href":"https:\/\/grupoeducon.com\/pesquisa\/index.php\/wp-json\/wp\/v2\/pages\/119\/revisions"}],"predecessor-version":[{"id":186,"href":"https:\/\/grupoeducon.com\/pesquisa\/index.php\/wp-json\/wp\/v2\/pages\/119\/revisions\/186"}],"wp:attachment":[{"href":"https:\/\/grupoeducon.com\/pesquisa\/index.php\/wp-json\/wp\/v2\/media?parent=119"}],"curies":[{"name":"wp","href":"https:\/\/api.w.org\/{rel}","templated":true}]}}