{"id":187,"date":"2025-12-22T16:26:55","date_gmt":"2025-12-22T19:26:55","guid":{"rendered":"https:\/\/grupoeducon.com\/pesquisa\/?page_id=187"},"modified":"2025-12-22T16:49:16","modified_gmt":"2025-12-22T19:49:16","slug":"producoes","status":"publish","type":"page","link":"https:\/\/grupoeducon.com\/pesquisa\/index.php\/producoes\/","title":{"rendered":"Produ\u00e7\u00f5es"},"content":{"rendered":"<figure style=\"aspect-ratio:auto;width:250px;height:250px;\" class=\"alignright wp-block-post-featured-image wp-duotone-unset-1\"><img loading=\"lazy\" decoding=\"async\" width=\"2560\" height=\"1709\" src=\"https:\/\/grupoeducon.com\/pesquisa\/wp-content\/uploads\/2025\/12\/pexels-divinetechygirl-1181248-scaled.jpg\" class=\"attachment-full size-full wp-post-image\" alt=\"\" style=\"width:100%;height:100%;object-fit:cover;\" srcset=\"https:\/\/grupoeducon.com\/pesquisa\/wp-content\/uploads\/2025\/12\/pexels-divinetechygirl-1181248-scaled.jpg 2560w, https:\/\/grupoeducon.com\/pesquisa\/wp-content\/uploads\/2025\/12\/pexels-divinetechygirl-1181248-300x200.jpg 300w, https:\/\/grupoeducon.com\/pesquisa\/wp-content\/uploads\/2025\/12\/pexels-divinetechygirl-1181248-1024x684.jpg 1024w, https:\/\/grupoeducon.com\/pesquisa\/wp-content\/uploads\/2025\/12\/pexels-divinetechygirl-1181248-768x513.jpg 768w, https:\/\/grupoeducon.com\/pesquisa\/wp-content\/uploads\/2025\/12\/pexels-divinetechygirl-1181248-1536x1025.jpg 1536w, https:\/\/grupoeducon.com\/pesquisa\/wp-content\/uploads\/2025\/12\/pexels-divinetechygirl-1181248-2048x1367.jpg 2048w\" sizes=\"auto, (max-width: 2560px) 100vw, 2560px\" \/><\/figure>\n\n\n<p>Divulgamos resultados por meio de publica\u00e7\u00f5es individuais e coletivas: peri\u00f3dicos, e-books, livros autorais e organizados, cap\u00edtulos e trabalhos apresentados em eventos locais, nacionais e internacionais. Essa produ\u00e7\u00e3o alimenta o debate acad\u00eamico e fortalece pr\u00e1ticas e pol\u00edticas voltadas \u00e0 qualidade da educa\u00e7\u00e3o.<br><\/p>\n\n\n\n<p><\/p>\n","protected":false},"excerpt":{"rendered":"<p>Divulgamos resultados por meio de publica\u00e7\u00f5es individuais e coletivas: peri\u00f3dicos, e-books, livros autorais e organizados, cap\u00edtulos e trabalhos apresentados em eventos locais, nacionais e internacionais. Essa produ\u00e7\u00e3o alimenta o debate acad\u00eamico e fortalece pr\u00e1ticas e pol\u00edticas voltadas \u00e0 qualidade da<\/p>\n","protected":false},"author":1,"featured_media":189,"parent":0,"menu_order":0,"comment_status":"closed","ping_status":"closed","template":"","meta":{"footnotes":""},"class_list":["post-187","page","type-page","status-publish","has-post-thumbnail","hentry"],"_links":{"self":[{"href":"https:\/\/grupoeducon.com\/pesquisa\/index.php\/wp-json\/wp\/v2\/pages\/187","targetHints":{"allow":["GET"]}}],"collection":[{"href":"https:\/\/grupoeducon.com\/pesquisa\/index.php\/wp-json\/wp\/v2\/pages"}],"about":[{"href":"https:\/\/grupoeducon.com\/pesquisa\/index.php\/wp-json\/wp\/v2\/types\/page"}],"author":[{"embeddable":true,"href":"https:\/\/grupoeducon.com\/pesquisa\/index.php\/wp-json\/wp\/v2\/users\/1"}],"replies":[{"embeddable":true,"href":"https:\/\/grupoeducon.com\/pesquisa\/index.php\/wp-json\/wp\/v2\/comments?post=187"}],"version-history":[{"count":3,"href":"https:\/\/grupoeducon.com\/pesquisa\/index.php\/wp-json\/wp\/v2\/pages\/187\/revisions"}],"predecessor-version":[{"id":195,"href":"https:\/\/grupoeducon.com\/pesquisa\/index.php\/wp-json\/wp\/v2\/pages\/187\/revisions\/195"}],"wp:featuredmedia":[{"embeddable":true,"href":"https:\/\/grupoeducon.com\/pesquisa\/index.php\/wp-json\/wp\/v2\/media\/189"}],"wp:attachment":[{"href":"https:\/\/grupoeducon.com\/pesquisa\/index.php\/wp-json\/wp\/v2\/media?parent=187"}],"curies":[{"name":"wp","href":"https:\/\/api.w.org\/{rel}","templated":true}]}}